{"id":4560,"date":"2022-02-03T22:11:53","date_gmt":"2022-02-03T22:11:53","guid":{"rendered":"http:\/\/www.elfuturoeselectrico.com\/?page_id=4560"},"modified":"2022-02-03T22:11:53","modified_gmt":"2022-02-03T22:11:53","slug":"conceptos","status":"publish","type":"page","link":"https:\/\/elfuturoeselectrico.com\/?page_id=4560","title":{"rendered":"CONCEPTOS"},"content":{"rendered":"\n<p>Listado de conceptos que deber\u00edas conocer y manejar con respecto al futuro con la electricidad.<\/p>\n\n\n\n<p><\/p>\n\n\n\n<p>-Volt<\/p>\n\n\n\n<p>-Amperes (Amp)<\/p>\n\n\n\n<p>-mAmp (Miliamperes)<\/p>\n\n\n\n<p><strong>-BATER\u00cdAS<\/strong><\/p>\n\n\n\n<p>&#8212;<a href=\"http:\/\/www.elfuturoeselectrico.com\/conceptos\/bateria-de-ion-de-litio\/\" target=\"_blank\" rel=\"noreferrer noopener\" title=\"Bater\u00eda de ion de litio\"><strong>Bater\u00eda de ion de litio<\/strong><\/a><\/p>\n\n\n\n<p>&#8212;<a href=\"http:\/\/www.elfuturoeselectrico.com\/conceptos\/bateria-de-aluminio-aire\/\" target=\"_blank\" rel=\"noreferrer noopener nofollow\" title=\"Bater\u00eda de aluminio-aire\"><strong>Bater\u00eda de aluminio-aire<\/strong><\/a><\/p>\n\n\n\n<p>&#8211;<\/p>\n\n\n\n<p>&#8211;<\/p>\n\n\n\n<p>-Red El\u00e9ctrica<\/p>\n\n\n\n<p>-Bombilla o l\u00e1mpara<\/p>\n\n\n\n<p>-LED<\/p>\n\n\n\n<p>&#8211;<\/p>\n\n\n\n<p>&#8211;<\/p>\n\n\n\n<p>&#8211;<\/p>\n\n\n\n<p>&#8211;<\/p>\n\n\n\n<p>&#8211;<\/p>\n\n\n\n<p>&#8211;<\/p>\n\n\n\n<p>&#8211;<\/p>\n\n\n\n<p>&#8211;<\/p>\n\n\n\n<p>&#8211;<\/p>\n","protected":false},"excerpt":{"rendered":"<p>Listado de conceptos que deber\u00edas conocer y manejar con respecto al futuro con la electricidad. -Volt -Amperes (Amp) -mAmp (Miliamperes) -BATER\u00cdAS &#8212;Bater\u00eda de ion de litio &#8212;Bater\u00eda de aluminio-aire &#8211; &#8211; -Red El\u00e9ctrica -Bombilla o l\u00e1mpara -LED &#8211; &#8211; &#8211; &#8211; &#8211; &#8211; &#8211; &#8211; &#8211;<\/p>\n","protected":false},"author":1,"featured_media":0,"parent":0,"menu_order":0,"comment_status":"closed","ping_status":"closed","template":"","meta":{"footnotes":""},"class_list":["post-4560","page","type-page","status-publish","hentry"],"_links":{"self":[{"href":"https:\/\/elfuturoeselectrico.com\/index.php?rest_route=\/wp\/v2\/pages\/4560","targetHints":{"allow":["GET"]}}],"collection":[{"href":"https:\/\/elfuturoeselectrico.com\/index.php?rest_route=\/wp\/v2\/pages"}],"about":[{"href":"https:\/\/elfuturoeselectrico.com\/index.php?rest_route=\/wp\/v2\/types\/page"}],"author":[{"embeddable":true,"href":"https:\/\/elfuturoeselectrico.com\/index.php?rest_route=\/wp\/v2\/users\/1"}],"replies":[{"embeddable":true,"href":"https:\/\/elfuturoeselectrico.com\/index.php?rest_route=%2Fwp%2Fv2%2Fcomments&post=4560"}],"version-history":[{"count":0,"href":"https:\/\/elfuturoeselectrico.com\/index.php?rest_route=\/wp\/v2\/pages\/4560\/revisions"}],"wp:attachment":[{"href":"https:\/\/elfuturoeselectrico.com\/index.php?rest_route=%2Fwp%2Fv2%2Fmedia&parent=4560"}],"curies":[{"name":"wp","href":"https:\/\/api.w.org\/{rel}","templated":true}]}}