{"id":8,"date":"2013-09-19T21:38:30","date_gmt":"2013-09-19T21:38:30","guid":{"rendered":"http:\/\/www.elfuturoeselectrico.com\/?page_id=2"},"modified":"2013-09-19T21:38:30","modified_gmt":"2013-09-19T21:38:30","slug":"nosotros","status":"publish","type":"page","link":"https:\/\/elfuturoeselectrico.com\/?page_id=8","title":{"rendered":"Nosotros"},"content":{"rendered":"<p>Ya desde hace unos cuantos a\u00f1os estoy interesado y participo de proyectos que est\u00e1n relacionados con la utilizaci\u00f3n de las energ\u00edas alternativas y en especial aquellas que incorporan la electricidad, as\u00ed como tambi\u00e9n todo lo relacionado con la dom\u00f3tica -casas inteligentes-, los veh\u00edculos el\u00e9ctricos, y las tecnolog\u00edas solares.<\/p>\n<p>En <a href=\"http:\/\/www.elfuturoeselectrico.com\" target=\"_blank\">ElFuturoEsElectrico.com<\/a> intentar\u00e9 ir escribiendo sobre noticias, ideas y materiales de todos estos temas que me encantan; pero tambi\u00e9n recomendar\u00e9 algunos productos y cursos.<\/p>\n<p>&nbsp;<\/p>\n<p>&nbsp;<\/p>\n<p>&nbsp;<\/p>\n<p>&nbsp;<\/p>\n<p>&nbsp;<\/p>\n<p>&nbsp;<\/p>\n<p>&nbsp;<\/p>\n<p>&nbsp;<\/p>\n<p>&nbsp;<\/p>\n<p>&nbsp;<\/p>\n<p>&nbsp;<\/p>\n<p>&nbsp;<\/p>\n<p>&nbsp;<\/p>\n<p>.<\/p>\n","protected":false},"excerpt":{"rendered":"<p>Ya desde hace unos cuantos a\u00f1os estoy interesado y participo de proyectos que est\u00e1n relacionados con la utilizaci\u00f3n de las energ\u00edas alternativas y en especial aquellas que incorporan la electricidad, as\u00ed como tambi\u00e9n todo lo relacionado con la dom\u00f3tica -casas inteligentes-, los veh\u00edculos el\u00e9ctricos, y las tecnolog\u00edas solares. En ElFuturoEsElectrico.com intentar\u00e9 ir escribiendo sobre noticias, [&hellip;]<\/p>\n","protected":false},"author":1,"featured_media":0,"parent":0,"menu_order":0,"comment_status":"closed","ping_status":"open","template":"","meta":{"footnotes":""},"class_list":["post-8","page","type-page","status-publish","hentry"],"_links":{"self":[{"href":"https:\/\/elfuturoeselectrico.com\/index.php?rest_route=\/wp\/v2\/pages\/8","targetHints":{"allow":["GET"]}}],"collection":[{"href":"https:\/\/elfuturoeselectrico.com\/index.php?rest_route=\/wp\/v2\/pages"}],"about":[{"href":"https:\/\/elfuturoeselectrico.com\/index.php?rest_route=\/wp\/v2\/types\/page"}],"author":[{"embeddable":true,"href":"https:\/\/elfuturoeselectrico.com\/index.php?rest_route=\/wp\/v2\/users\/1"}],"replies":[{"embeddable":true,"href":"https:\/\/elfuturoeselectrico.com\/index.php?rest_route=%2Fwp%2Fv2%2Fcomments&post=8"}],"version-history":[{"count":0,"href":"https:\/\/elfuturoeselectrico.com\/index.php?rest_route=\/wp\/v2\/pages\/8\/revisions"}],"wp:attachment":[{"href":"https:\/\/elfuturoeselectrico.com\/index.php?rest_route=%2Fwp%2Fv2%2Fmedia&parent=8"}],"curies":[{"name":"wp","href":"https:\/\/api.w.org\/{rel}","templated":true}]}}